{"id":1355,"date":"2018-12-27T17:14:31","date_gmt":"2018-12-27T17:14:31","guid":{"rendered":"https:\/\/jestrab.eu\/?page_id=1355"},"modified":"2018-12-27T17:18:44","modified_gmt":"2018-12-27T17:18:44","slug":"detekce-odposlechu","status":"publish","type":"page","link":"https:\/\/www.jestrab.eu\/index.php\/detekce-odposlechu\/","title":{"rendered":"Detekce odposlech\u016f"},"content":{"rendered":"<p><span style=\"color: #000000;\">Zji\u0161\u0165ov\u00e1n\u00ed, vyhled\u00e1n\u00ed a likvidace mo\u017en\u00fdch odposlech\u016f v m\u00edstnostech, \u010di v cel\u00fdch objektech, pomoc\u00ed p\u0159\u00edstroje PROTECT 1206i.<\/span><\/p>\n<p>Rozsah frekven\u010dn\u00edho p\u00e1sma 50-4000 MHz.<\/p>\n","protected":false},"excerpt":{"rendered":"<p>Zji\u0161\u0165ov\u00e1n\u00ed, vyhled\u00e1n\u00ed a likvidace mo\u017en\u00fdch odposlech\u016f v m\u00edstnostech, \u010di v cel\u00fdch objektech, pomoc\u00ed p\u0159\u00edstroje PROTECT 1206i. Rozsah frekven\u010dn\u00edho p\u00e1sma 50-4000 MHz.<\/p>\n","protected":false},"author":2,"featured_media":0,"parent":0,"menu_order":0,"comment_status":"closed","ping_status":"closed","template":"","meta":{"footnotes":""},"class_list":["post-1355","page","type-page","status-publish","hentry"],"_links":{"self":[{"href":"https:\/\/www.jestrab.eu\/index.php\/wp-json\/wp\/v2\/pages\/1355","targetHints":{"allow":["GET"]}}],"collection":[{"href":"https:\/\/www.jestrab.eu\/index.php\/wp-json\/wp\/v2\/pages"}],"about":[{"href":"https:\/\/www.jestrab.eu\/index.php\/wp-json\/wp\/v2\/types\/page"}],"author":[{"embeddable":true,"href":"https:\/\/www.jestrab.eu\/index.php\/wp-json\/wp\/v2\/users\/2"}],"replies":[{"embeddable":true,"href":"https:\/\/www.jestrab.eu\/index.php\/wp-json\/wp\/v2\/comments?post=1355"}],"version-history":[{"count":4,"href":"https:\/\/www.jestrab.eu\/index.php\/wp-json\/wp\/v2\/pages\/1355\/revisions"}],"predecessor-version":[{"id":1359,"href":"https:\/\/www.jestrab.eu\/index.php\/wp-json\/wp\/v2\/pages\/1355\/revisions\/1359"}],"wp:attachment":[{"href":"https:\/\/www.jestrab.eu\/index.php\/wp-json\/wp\/v2\/media?parent=1355"}],"curies":[{"name":"wp","href":"https:\/\/api.w.org\/{rel}","templated":true}]}}