{"id":343,"date":"2012-09-11T05:08:16","date_gmt":"2012-09-11T05:08:16","guid":{"rendered":"http:\/\/jestrab.eu\/?page_id=343"},"modified":"2020-02-04T20:16:04","modified_gmt":"2020-02-04T20:16:04","slug":"doplnkova-cinnost-2","status":"publish","type":"page","link":"https:\/\/www.jestrab.eu\/index.php\/doplnkova-cinnost-2\/","title":{"rendered":"Dopl\u0148kov\u00e1 \u010dinnost"},"content":{"rendered":"<p><span style=\"font-family: arial,helvetica,sans-serif;\"><strong>Bezpe\u010dnostn\u00ed firma &#8211; ostraha majetku a osob<\/strong><\/span><\/p>\n<p><span style=\"font-family: arial,helvetica,sans-serif;\"><em><strong>Osobn\u00ed ostraha :<\/strong><\/em><\/span><\/p>\n<p style=\"text-align: justify;\"><span style=\"color: #000080; font-family: arial,helvetica,sans-serif;\"><strong>&nbsp;&nbsp; V sou\u010dasn\u00e9 dob\u011b poskytuji pouze lukrat\u00edvn\u00ed zak\u00e1zky, spo\u010d\u00edvaj\u00edc\u00ed pouze v zaji\u0161t\u011bn\u00ed bezpe\u010dnosti osob p\u0159i p\u0159evozu v\u011bt\u0161\u00ed \u010d\u00e1stky pen\u011bz v hotovosti, p\u0159i r\u016fzn\u00fdch osobn\u00edch \u010di firemn\u00edch jedn\u00e1n\u00edch.<\/strong><\/span><br \/>\n&nbsp;&nbsp; <span style=\"font-family: arial,helvetica,sans-serif;\"><strong><span style=\"color: #000080;\">Z\u00e1kladn\u00ed sazba : 3.500,- K\u010d \/ za ka\u017edou zapo\u010datou hodinu, skute\u010dn\u00e1 cena dle po\u017eadavk\u016f z\u00e1kazn\u00edka.<\/span><\/strong><\/span><br \/>\n<strong><span style=\"font-family: arial,helvetica,sans-serif; color: #000080;\">Poskytuji odborn\u00e9 \u0161kolen\u00ed pro z\u00edsk\u00e1n\u00ed zbrojn\u00edho pr\u016fkazu, \u0161kolen\u00ed p\u0159i v\u00fduce st\u0159elby.<\/span><\/strong><\/p>\n<p>&nbsp;<\/p>\n<p><span style=\"font-family: arial,helvetica,sans-serif;\">Vybaven\u00ed osobn\u00edho str\u00e1\u017ece &#8211; st\u0159eln\u00e9 zbran\u011b :<\/span><\/p>\n<p>&nbsp;<\/p>\n<p style=\"text-align: justify;\"><span style=\"font-family: arial,helvetica,sans-serif;\">&nbsp;&nbsp; Z\u00e1kladn\u00ed osobn\u00ed zbran\u00ed ka\u017ed\u00e9ho str\u00e1\u017ece je zbra\u0148 vych\u00e1zej\u00edc\u00ed z&nbsp;modifikace r\u00e1\u017ee .45 ACP. V&nbsp;m\u00e9m p\u0159\u00edpad\u011b se jedn\u00e1 o zna\u010dku Tanfoglio, italsk\u00e9 firmy. Jde o zbra\u0148 vysok\u00e9 kvality, se z\u00e1sobn\u00edkem na 10 n\u00e1boj\u016f.<\/span><br \/>\n<span style=\"font-family: arial,helvetica,sans-serif;\"> Jako z\u00e1lo\u017en\u00ed zbra\u0148 vyu\u017e\u00edv\u00e1m jednu z&nbsp;nejlep\u0161\u00ed zbran\u00ed \u010ceskoslovensk\u00e9 zbrojovky a to pistole vz. \u010cZ 50, dlouh\u00e1 let\u00e1 pou\u017e\u00edvanou Sbory Ve\u0159ejn\u00e9 Bezpe\u010dnosti. Jde o zbra\u0148 velmi spolehlivou se z\u00e1sobn\u00edkem na 7 n\u00e1boj\u016f, tvarov\u011b velmi v\u00fdhodnou pro skryt\u00e9 no\u0161en\u00ed.Jako dopl\u0148kov\u00e9 zbran\u011b pro zpest\u0159en\u00ed v\u00fdcviku pou\u017e\u00edv\u00e1m jednak kolt ASTRA r\u00e1\u017ee .38 spec., vynikaj\u00edc\u00ed starou vojenskou zbra\u0148 \u010cZ 52 r\u00e1\u017ee 7.62 (vynikaj\u00edc\u00ed p\u0159edev\u0161\u00edm nedosti\u017en\u00fdm pr\u016fbojn\u00fdm \u00fa\u010dinkem st\u0159ely).<\/span><\/p>\n<p style=\"text-align: justify;\"><span style=\"font-family: arial,helvetica,sans-serif;\">&nbsp;&nbsp; \u010casto se setk\u00e1v\u00e1m se \u201ezasv\u011bcen\u00fdmi\u201c diskuzemi ohledn\u011b v\u00fdhodnosti r\u00e1\u017e\u00ed 9mm a .45 ACP. Ka\u017ed\u00fd ze zast\u00e1nc\u016f sv\u00e9 r\u00e1\u017ee uv\u00e1d\u00ed r\u016fzn\u00e9 d\u016fvody, pro\u010d pr\u00e1v\u011b ta jeho r\u00e1\u017ee je pro osobn\u00ed ostrahu ta nej\u2026 \u010cast\u00e1 argumentace zast\u00e1nc\u016f r\u00e1\u017ee 9mm je, \u017ee mno\u017estv\u00ed n\u00e1boj\u016f v&nbsp;z\u00e1sobn\u00edku je v\u011bt\u0161\u00ed, n\u00e1boje men\u0161\u00ed a leh\u010d\u00ed a tud\u00ed\u017e \u017ee maj\u00ed v\u011bt\u0161\u00ed palebnou s\u00edlu. Jedn\u00e1 se asi o dojmy z&nbsp;r\u016fzn\u00fdch filmov\u00fdch zpracov\u00e1n\u00ed, kde osobn\u00ed str\u00e1\u017ece doslova po\u0159\u00e1d\u00e1 malou osobn\u00ed v\u00e1lku, vyzna\u010duj\u00edc\u00ed se a\u017e n\u011bkolika desetiminutov\u00fdmi mohutn\u00fdmi p\u0159est\u0159elkami proti cel\u00e9 arm\u00e1d\u011b \u201ezloduch\u016f\u201c.&nbsp; K&nbsp;tomuto opravdu v&nbsp;b\u011b\u017en\u00e9m \u017eivot\u011b zku\u0161en\u00e9ho osobn\u00edho str\u00e1\u017ece nikdy nedojde, \u010di sp\u00ed\u0161e nesm\u00ed doj\u00edt. Kvalitn\u00ed osobn\u00ed str\u00e1\u017ece p\u0159edem vylou\u010d\u00ed, aby se jeho klient dostal do prost\u0159ed\u00ed, kde by n\u011bco takov\u00e9ho mohlo hrozit. Pokud u\u017e dojde k&nbsp;ohro\u017een\u00ed, pak se jedn\u00e1 o \u00fatok p\u0159ev\u00e1\u017en\u011b jednotlivce, \u010di n\u011bkolika osob. Zde mus\u00ed b\u00fdt osobn\u00ed str\u00e1\u017ece ten, kdo odhadne v\u00fdskyt p\u0159\u00edpadn\u00e9ho \u00fatoku a eliminuje \u00fato\u010dn\u00edka prvn\u00edm z\u00e1sahem do hlavy, krku nebo stehen a co nejrychleji dostane sv\u00e9ho klienta z&nbsp;nebezpe\u010dn\u00e9ho prostoru. V&nbsp;t\u011bchto p\u0159\u00edpadech kapacita zbran\u011b 10+1 n\u00e1boj\u016f v\u00edce ne\u017e dostate\u010dn\u011b vyhovuje. Z&nbsp;t\u011bchto d\u016fvod\u016f d\u00e1v\u00e1m p\u0159ednost p\u0159eci jenom r\u00e1\u017ei .45 ACP a to pro jej\u00ed opravdu vynikaj\u00edc\u00ed zastavuj\u00ed \u00fa\u010dinek a to i bez pou\u017eit\u00ed n\u00e1boj\u016f (u n\u00e1s zak\u00e1zan\u00fdch) se zv\u00fd\u0161en\u00fdm zastavuj\u00edc\u00edm \u00fa\u010dinkem.<\/span><\/p>\n<p>&nbsp;<\/p>\n<p>&nbsp;<\/p>\n<p>&nbsp;<\/p>\n<p>&nbsp;<\/p>\n<p style=\"text-align: justify;\"><span style=\"font-size: 10pt; color: #ff00ff;\"><strong><span style=\"font-family: arial, helvetica, sans-serif;\">Je lep\u0161\u00ed m\u00edt <\/span><\/strong><strong><span style=\"font-family: arial, helvetica, sans-serif;\">silnou zbra\u0148 <\/span><\/strong><strong><span style=\"font-family: arial, helvetica, sans-serif;\">v ruk\u00e1ch a nikdy ji nepou\u017e\u00edt, ne\u017e <\/span><\/strong><strong><span style=\"font-family: arial, helvetica, sans-serif;\">tlouct <\/span><\/strong><strong><span style=\"font-family: arial, helvetica, sans-serif;\">holou dlan\u00ed&nbsp; o brn\u011bn\u00ed nep\u0159\u00edtele a prosit o milost! VINKO HAFNER<br \/>\n<\/span><\/strong><\/span><\/p>\n<p>&nbsp;<\/p>\n<p style=\"text-align: justify;\"><span style=\"font-size: 10pt; color: #ff00ff;\"><strong><span style=\"font-family: arial,helvetica,sans-serif;\">Totalitn\u00ed st\u00e1t m\u016f\u017ee d\u011blat velk\u00e9 v\u011bci, ale jednu v\u011bc ud\u011blat nem\u016f\u017ee : nem\u016f\u017ee d\u00e1t d\u011bln\u00edkovi v tov\u00e1rn\u011b pu\u0161ku a \u0159\u00edci mu, aby si ji vzal dom\u016f a m\u011bl ji v lo\u017enici. Pu\u0161ka vis\u00edc\u00ed na zdi d\u011bln\u00edkova p\u0159\u00edbytku nebo farm\u00e1\u0159ovy ch\u00fd\u0161e&nbsp; je symbolem demokracie. A je na\u0161\u00edm \u016fkolem dohl\u00e9dnout, aby tam z\u016fstala . GEORGE ORWELL<\/span><\/strong><\/span><\/p>\n<p>&nbsp;<\/p>\n<p style=\"text-align: justify;\"><span style=\"font-size: 10pt; color: #ff00ff;\"><strong><span style=\"font-family: arial, helvetica, sans-serif;\">Nen\u00ed nic takov\u00e9ho jako nebezpe\u010dn\u00e9 zbran\u011b, jsou pouze nebezpe\u010dn\u00ed lid\u00e9. ROBERT A. HEINLEIN<\/span><\/strong><\/span><\/p>\n<p>&nbsp;<\/p>\n<p style=\"text-align: justify;\"><span style=\"color: #ff00ff; font-size: 10pt;\"><strong><span style=\"font-family: arial,helvetica,sans-serif;\">Svobodn\u00ed lid\u00e9 by nejen m\u011bli b\u00fdt ozbrojeni a disciplinovan\u00ed, ale m\u011bli by m\u00edt dostatek zbran\u00ed a munice, aby uh\u00e1jili svou nez\u00e1vislost p\u0159ed k\u00fdmkoliv, kdo by je cht\u011bl utla\u010dovat &#8211; v\u010detn\u011b jejich vlastn\u00ed vl\u00e1dy.&nbsp; George Washington<\/span><\/strong><\/span><\/p>\n<p>&nbsp;<\/p>\n<p style=\"text-align: justify;\"><span style=\"color: #ff00ff; font-size: 10pt;\"><strong><span style=\"font-family: arial, helvetica, sans-serif;\">Kdy\u017e vl\u00e1da za\u010dne lidem zabavovat zbran\u011b, v\u011bzte, \u017ee je budete zanedlouho pot\u0159ebovat. <\/span><\/strong><\/span><\/p>\n<p>&nbsp;<\/p>\n<p style=\"text-align: justify;\"><span style=\"color: #ff00ff; font-size: 10pt;\"><strong><span style=\"font-family: arial, helvetica, sans-serif;\">25 st\u00e1tu USA umo\u017e\u0148uje \u010dlov\u011bku koupit zbra\u0148, p\u0159ipnout si ji, a vyj\u00edt na ulici bez jak\u00e9hokoliv povolen\u00ed. N\u011bkte\u0159\u00ed tvrd\u00ed, \u017ee je to \u0161\u00edlen\u00e9. Ov\u0161em 4 z 5 vra\u017ed v USA se stanou v t\u00e9 druh\u00e9 polovi\u010dce st\u00e1tu. Tak kdo je tu \u0161\u00edlen\u00fd? Andrew Ford<\/span><\/strong><\/span><\/p>\n<p>&nbsp;<\/p>\n<p style=\"text-align: justify;\"><span style=\"color: #ff00ff; font-size: 10pt;\"><strong><span style=\"font-family: arial, helvetica, sans-serif;\">M\u00edrn\u00e1 povaha slu\u0161n\u00e9ho \u010dlov\u011bka l\u00e1k\u00e1 rv\u00e1\u010de. Na druh\u00e9 stran\u011b zbran\u011b ho stejn\u011b jako z\u00e1kony zastra\u0161uj\u00ed a dr\u017e\u00ed v pat\u0159i\u010dn\u00e9m respektu, a jsou z\u00e1rukou po\u0159\u00e1dku stejn\u011b jako majetku. Thomas Paine<\/span><\/strong><\/span><\/p>\n<p>&nbsp;<\/p>\n<p>&nbsp;<\/p>\n<p>&nbsp;<\/p>\n<p style=\"text-align: justify;\"><span style=\"color: #000000;\"><strong><span style=\"font-family: arial,helvetica,sans-serif; font-size: 10pt;\">&nbsp;Naproti tomu uv\u00e1d\u00edm i p\u00e1r cit\u00e1tu, kter\u00e9 budou pln\u011b vyhovovat t\u011bm, co souhlas\u00ed s omezen\u00edm zbr\u00e1n\u00ed dle EU:<\/span><\/strong><\/span><\/p>\n<p>&nbsp;<\/p>\n<p><span style=\"color: #000000;\"><strong><span style=\"font-family: arial,helvetica,sans-serif; font-size: 10pt;\">Jeden \u010dlov\u011bk s pu\u0161kou je schopen kontrolovat sto neozbrojen\u00fdch &#8230; prov\u00e1d\u011bjte plo\u0161n\u00e9 prohl\u00eddky a za nalezen\u00e9 zbran\u011b popravujte &#8211; Vladim\u00edr Ilji\u010d Lenin<\/span><\/strong><\/span><\/p>\n<p><span style=\"color: #000000;\"><strong><span style=\"font-family: arial,helvetica,sans-serif; font-size: 10pt;\">Ve\u0161ker\u00e1 politick\u00e1 moc poch\u00e1z\u00ed z hlavn\u011b pu\u0161ky. Ve\u0161ker\u00fdmi zbran\u011bmi mus\u00ed vl\u00e1dnout komunistick\u00e1 strana, aby takto \u017e\u00e1dn\u00e9 zbran\u011b nemohly nikdy b\u00fdt pou\u017eity k vl\u00e1dnut\u00ed stran\u011b &#8211; Mao C&#8217;Tung<\/span><\/strong><\/span><\/p>\n<p><span style=\"color: #000000;\"><strong><span style=\"font-family: arial,helvetica,sans-serif; font-size: 10pt;\">N\u011bmci, kte\u0159\u00ed cht\u011bj\u00ed pou\u017e\u00edvat zbran\u011b, by m\u011bli vstoupit do SA nebo SS &#8211; oby\u010dejn\u00ed ob\u010dan\u00e9 zbran\u011b nepot\u0159ebuj\u00ed, proto\u017ee v jejich rukou st\u00e1tu nejsou k ni\u010demu &#8211; Heinrich Himmler<\/span><\/strong><\/span><\/p>\n<p><strong><span style=\"font-family: arial,helvetica,sans-serif; font-size: 10pt; color: #000000;\">Tento rok se zap\u00ed\u0161e do historie. V\u016fbec poprv\u00e9 zavedl civilizovan\u00fd n\u00e1rod \u00faplnou registrac\u00ed zbran\u00ed. Na\u0161e ulice budou bezpe\u010dn\u011bj\u0161\u00ed, na\u0161e policie efektivn\u011bj\u0161\u00ed a cel\u00fd sv\u011bt n\u00e1s bude n\u00e1sledovat vst\u0159\u00edc budoucnosti &#8211; Adolf Hitler<\/span><\/strong><\/p>\n<p><strong><span style=\"font-family: arial,helvetica,sans-serif; font-size: 10pt; color: #000000;\">Nejv\u011bt\u0161\u00ed chyba, kterou bychom mohli u\u010dinit je dovolit pod\u0159\u00edzen\u00fdm ras\u00e1m dr\u017eet zbran\u011b. Historie ukazuje, \u017ee v\u0161ichni dobyvatel\u00e9, kte\u0159\u00ed dovolili pod\u0159\u00edzen\u00fdm ras\u00e1m dr\u017eet zbran\u011b, si t\u00edm p\u0159ipravili vlastn\u00ed p\u00e1d &#8211; Adolf Hitler<\/span><\/strong><\/p>\n<p><strong><span style=\"font-family: arial,helvetica,sans-serif; font-size: 10pt; color: #000000;\">Pokud opozice odzboj\u00ed, dobr\u00e1. Pokud odm\u00edt\u00e1 odzbrojit, odzbroj\u00edme ji sami &#8211; Josef Stalin<\/span><\/strong><\/p>\n<p>&nbsp;<\/p>\n<p>&nbsp;<\/p>\n<p style=\"text-align: justify;\"><span style=\"font-size: 10pt;\"><strong><span style=\"font-family: arial, helvetica, sans-serif; color: #ff0000;\">Vyz\u00fdv\u00e1m v\u0161echny slu\u0161n\u00e9 ob\u010dany, kte\u0159\u00ed cht\u011bj\u00ed b\u00fdt svobodn\u00ed a rozhodovat o sv\u00e9m \u017eivot\u011b sami &#8211; spojme s\u00edly pro vystoupen\u00ed z fa\u0161istick\u00e9 dareb\u00e1ck\u00e9 organizace EU. A to ne pro z\u00e1kaz zbran\u00ed, to u\u017e je posledn\u00ed kapka, se kterou p\u0159etekla trp\u011blivost.<\/span><\/strong><\/span><br \/>\n<span style=\"font-size: 10pt;\"> <strong><span style=\"font-family: arial, helvetica, sans-serif; color: #ff0000;\"> J\u00e1 si chci s\u00e1m rozhodnout, jak \u017elut\u00e9 citrony si za vlastn\u00ed pen\u00edze koup\u00edm, jak zahnut\u00e9 a zral\u00e9 ban\u00e1ny si za vlastn\u00ed pen\u00edze koup\u00edm, jak a kdy a jak\u00fdm mno\u017estv\u00edm budu splachovat za svoje pen\u00edze vlastn\u00ed z\u00e1chod, \u010d\u00edm za svoje pen\u00edze si budu sv\u00edtit, chci rozhodovat o tom, komu poskytneme azyl a ne, aby n\u00e1m n\u011bkdo diktoval koho, kolik, kdy a jak MUS\u00cdME vz\u00edt, atakd\u00e1le atakd\u00e1le.<\/span><\/strong><\/span><br \/>\n<span style=\"font-size: 10pt;\"> <strong><span style=\"color: #ff0000; font-family: arial, helvetica, sans-serif;\">Nechci poslouchat nemocn\u00e9 v\u00fdlevy nik\u00fdm nevolen\u00fdch zdegenerovan\u00fdch, vychlastan\u00fdch euro\u00fa\u0159edn\u00edk\u016f, \u010di dementn\u00edch zmetk\u016f hraj\u00edc\u00edch si na poslance evropsk\u00e9ho parlamentu.<\/span><\/strong><\/span><\/p>\n<div id=\"link64_adl_tabid\" style=\"display: none;\" data-url=\"http:\/\/jestrab.eu\/wp-admin\/post.php?post=343&amp;action=edit\">884<\/div>\n","protected":false},"excerpt":{"rendered":"<p>Bezpe\u010dnostn\u00ed firma &#8211; ostraha majetku a osob Osobn\u00ed ostraha : &nbsp;&nbsp; V sou\u010dasn\u00e9 dob\u011b poskytuji pouze lukrat\u00edvn\u00ed zak\u00e1zky, spo\u010d\u00edvaj\u00edc\u00ed pouze v zaji\u0161t\u011bn\u00ed bezpe\u010dnosti osob p\u0159i p\u0159evozu v\u011bt\u0161\u00ed \u010d\u00e1stky pen\u011bz v hotovosti, p\u0159i r\u016fzn\u00fdch osobn\u00edch \u010di firemn\u00edch jedn\u00e1n\u00edch. &nbsp;&nbsp; Z\u00e1kladn\u00ed sazba : 3.500,- K\u010d \/ za ka\u017edou zapo\u010datou hodinu, skute\u010dn\u00e1 cena dle po\u017eadavk\u016f z\u00e1kazn\u00edka. Poskytuji odborn\u00e9&#8230;<a class=\"moretag\" href=\"https:\/\/www.jestrab.eu\/index.php\/doplnkova-cinnost-2\/\"> V\u00edce<\/a><\/p>\n","protected":false},"author":3,"featured_media":0,"parent":0,"menu_order":0,"comment_status":"closed","ping_status":"closed","template":"","meta":{"footnotes":""},"class_list":["post-343","page","type-page","status-publish","hentry"],"_links":{"self":[{"href":"https:\/\/www.jestrab.eu\/index.php\/wp-json\/wp\/v2\/pages\/343","targetHints":{"allow":["GET"]}}],"collection":[{"href":"https:\/\/www.jestrab.eu\/index.php\/wp-json\/wp\/v2\/pages"}],"about":[{"href":"https:\/\/www.jestrab.eu\/index.php\/wp-json\/wp\/v2\/types\/page"}],"author":[{"embeddable":true,"href":"https:\/\/www.jestrab.eu\/index.php\/wp-json\/wp\/v2\/users\/3"}],"replies":[{"embeddable":true,"href":"https:\/\/www.jestrab.eu\/index.php\/wp-json\/wp\/v2\/comments?post=343"}],"version-history":[{"count":37,"href":"https:\/\/www.jestrab.eu\/index.php\/wp-json\/wp\/v2\/pages\/343\/revisions"}],"predecessor-version":[{"id":1535,"href":"https:\/\/www.jestrab.eu\/index.php\/wp-json\/wp\/v2\/pages\/343\/revisions\/1535"}],"wp:attachment":[{"href":"https:\/\/www.jestrab.eu\/index.php\/wp-json\/wp\/v2\/media?parent=343"}],"curies":[{"name":"wp","href":"https:\/\/api.w.org\/{rel}","templated":true}]}}