{"id":952,"date":"2017-06-14T16:31:27","date_gmt":"2017-06-14T16:31:27","guid":{"rendered":"http:\/\/jestrab.eu\/?page_id=952"},"modified":"2017-06-14T16:31:27","modified_gmt":"2017-06-14T16:31:27","slug":"alfa-defender-45-acp","status":"publish","type":"page","link":"https:\/\/www.jestrab.eu\/index.php\/alfa-defender-45-acp\/","title":{"rendered":"Alfa Defender .45&#8243; ACP"},"content":{"rendered":"<p style=\"text-align: justify;\"><strong><span style=\"color: #000080;\">&nbsp;&nbsp;&nbsp;&nbsp;&nbsp;&nbsp; V roce 2003 se produkc\u00ed klon\u016f \u010cZ 75 za\u010dala zab\u00fdvat i brn\u011bnsk\u00e1 spole\u010dnost Alfa-proj. Jej\u00ed pracovn\u00edci p\u0159i tom vych\u00e1zeli z jednoduch\u00e9ho z\u00e1v\u011bru: pro\u010d od z\u00e1kladu slo\u017eit\u011b projektovat a vyr\u00e1b\u011bt to, co u\u017e d\u011bl\u00e1 n\u011bkdo jin\u00fd, kdy\u017e je mo\u017eno nakoupit polotovary sou\u010d\u00e1sti a zhotovit fin\u00e1ln\u00ed v\u00fdrobek. Vzniklo tak spojen\u00ed mezi spole\u010dnostmi Alfa-proj a Fratelli Tanfoglio a brn\u011bnsk\u00e9 zbran\u011b jsou<a class=\"ngg-fancybox\" title=\"\" href=\"http:\/\/jestrab.eu\/wp-content\/gallery\/zbrane2\/Alfa-1.jpg\" data-image-id=\"119\" data-src=\"http:\/\/jestrab.eu\/wp-content\/gallery\/zbrane2\/Alfa-1.jpg\" data-thumbnail=\"http:\/\/jestrab.eu\/wp-content\/gallery\/zbrane2\/thumbs\/thumbs_Alfa-1.jpg\" data-title=\"Alfa 1\" data-description=\" \" data-rel=\"lightbox-image-0\" data-rl_title=\"\" data-rl_caption=\"\"><img decoding=\"async\" class=\"ngg-singlepic ngg-none alignright\" src=\"http:\/\/jestrab.eu\/wp-content\/gallery\/zbrane2\/thumbs\/thumbs_Alfa-1.jpg\" alt=\"Alfa 1\"><\/a> d\u00edky n\u00e1kupu d\u00edl\u016f v podstat\u011b shodn\u00e9 s t\u011bmi italsk\u00fdmi. <\/span><\/strong><br \/>\n<strong><span style=\"color: #000080;\">&nbsp;&nbsp;&nbsp;&nbsp;&nbsp; V\u011bt\u0161\u00ed \u010d\u00e1st produkce spol. Alfa-proj v oblasti samonab\u00edjec\u00edch pistol\u00ed tvo\u0159\u00ed zbran\u011b s polymerov\u00fdm r\u00e1mem pod n\u00e1zvy Alfa Combat, Alfa Defender a Alfa Police. Ned\u00e1vno v\u0161ak spole\u010dnost Alfa-proj (v z\u00e1vislosti na aktu\u00e1ln\u00ed produkci spole\u010dnosti Tanfoglio) p\u0159edstavila inovovanou \u0159adu samonab\u00edjec\u00edch pistol\u00ed, konkr\u00e9tn\u011b proveden\u00ed Alfa Iron Combat v pln\u00e9 \u201eslu\u017eebn\u00ed\u201c velikosti, a kompaktn\u00ed Alfa Iron Defender. Ob\u011b se vyr\u00e1b\u011bj\u00ed v r\u00e1\u017e\u00edch 9 mm Luger, 40 S&amp;W a 45 ACP. <\/span><\/strong><\/p>\n<p style=\"text-align: justify;\">&nbsp;&nbsp;<strong><span style=\"color: #000080;\"> <a class=\"ngg-fancybox\" title=\"\" href=\"http:\/\/jestrab.eu\/wp-content\/gallery\/zbrane2\/Alfa-2.jpg\" data-image-id=\"120\" data-src=\"http:\/\/jestrab.eu\/wp-content\/gallery\/zbrane2\/Alfa-2.jpg\" data-thumbnail=\"http:\/\/jestrab.eu\/wp-content\/gallery\/zbrane2\/thumbs\/thumbs_Alfa-2.jpg\" data-title=\"Alfa 2\" data-description=\" \" data-rel=\"lightbox-image-1\" data-rl_title=\"\" data-rl_caption=\"\"><img decoding=\"async\" class=\"ngg-singlepic ngg-none alignleft\" src=\"http:\/\/jestrab.eu\/wp-content\/gallery\/zbrane2\/thumbs\/thumbs_Alfa-2.jpg\" alt=\"Alfa 2\"><\/a>Nov\u00e9 samonab\u00edjec\u00ed pistole Alfa Iron Combat a Defender jsou p\u0159\u00edjemn\u00fdm zpest\u0159en\u00edm zahrani\u010dn\u00edho i dom\u00e1c\u00edho trhu. V\u00fdb\u011br r\u00e1\u017ee je dostate\u010dn\u00fd.<br \/>\n<\/span><\/strong><\/p>\n<p style=\"text-align: justify;\">&nbsp;<strong><span style=\"color: #000080;\">&nbsp;&nbsp;&nbsp; Z vlastn\u00ed zku\u0161enosti po odzkou\u0161en\u00ed t\u00e9to zbran\u011b jsem byl vcelku mile p\u0159ekvapen. Vzhledem k r\u00e1\u017ei, kr\u00e1tkosti hlavn\u011b, pom\u011brn\u011b n\u00edzk\u00e9 v\u00e1ze, m\u00e1 pistole trochu v\u011bt\u0161\u00ed zdvih, ale v rozsahu kter\u00fd lze u cvi\u010den\u00e9ho st\u0159elce eliminovat.&nbsp; Pistole hladce vezme i p\u0159eb\u00edjen\u00e9 n\u00e1boje. O proti Tanfoglio je v\u00e1razn\u011b leh\u010d\u00ed, trochu i proto, \u017ee z\u00e1sobn\u00edk pojme pouze 8 n\u00e1boj\u016f m\u00edsto 10. Celkov\u011b se opravdu nezap\u0159e podoba s Tanfoglio. Trvanlivost zbran\u011b asi nebude na urovni podstatn\u011b dra\u017e\u0161\u00edch kousk\u016f, ale vzhledem k cen\u011b jde o velmi povedenou zbra\u0148, a\u017e na detaily a to zejm\u00e9na v pe\u010dlivosti v nastaven\u00ed zbran\u011b. <\/span><\/strong><\/p>\n<p style=\"text-align: justify;\"><strong><span style=\"color: #000080;\">&nbsp;&nbsp;&nbsp;<\/span><\/strong><span style=\"color: #000080;\"> M\u00edt podst\u0159el na vzd\u00e1len\u00fd ter\u010d 6 m cca 12 cm je uz opravdu v\u00e1\u017en\u011b nenorm\u00e1ln\u00ed. &#8222;Kdepak n\u00e1m soudruzi v NDR ud\u011blali chybi\u010dku?&#8220; Ono prost\u011b nesta\u010d\u00ed pouze nakoupit jednitliv\u00e9 d\u00edly, pop\u0159. licence, ale je zapot\u0159eb\u00ed m\u00edt taky velkou zru\u010dnost tyto prvky spr\u00e1vn\u011b poskl\u00e1dat. Po odstran\u011bn\u00ed t\u00e9to z\u00e1vady uvid\u00edm co dal\u0161\u00edho se vyskytne.<\/span><strong><span style=\"color: #000080;\">&nbsp;&nbsp;<\/span> <\/strong><\/p>\n<p>&nbsp;<\/p>\n<table>\n<tbody>\n<tr>\n<td class=\"tabledark\" colspan=\"2\"><span style=\"font-family: arial,helvetica,sans-serif; font-size: 10pt; color: #000080;\">ALFA Defender \u2013 technick\u00e9 \u00fadaje<\/span><\/td>\n<\/tr>\n<tr>\n<td class=\"tablelight3\"><span style=\"font-family: arial,helvetica,sans-serif; font-size: 10pt; color: #000080;\">r\u00e1\u017ee&nbsp;&nbsp;&nbsp;&nbsp;&nbsp;&nbsp;&nbsp;&nbsp;&nbsp;&nbsp;&nbsp;&nbsp;&nbsp;&nbsp;&nbsp;&nbsp;&nbsp;&nbsp;&nbsp;&nbsp;&nbsp;&nbsp;&nbsp;&nbsp;&nbsp;&nbsp;&nbsp;&nbsp;&nbsp;&nbsp; &nbsp; &nbsp;&nbsp;&nbsp;&nbsp;&nbsp; <\/span><\/td>\n<td class=\"tablelight3\"><span style=\"font-family: arial,helvetica,sans-serif; font-size: 10pt; color: #000080;\">.45&#8243; ACP&nbsp;&nbsp;&nbsp;&nbsp;&nbsp;&nbsp;&nbsp;&nbsp;&nbsp;&nbsp;&nbsp;&nbsp;&nbsp;&nbsp;&nbsp;&nbsp;&nbsp;&nbsp;&nbsp;&nbsp;&nbsp;&nbsp;&nbsp;&nbsp;&nbsp;&nbsp;&nbsp;&nbsp;&nbsp;&nbsp;<br \/>\n<\/span><\/td>\n<\/tr>\n<tr>\n<td class=\"tablelight3\"><span style=\"font-family: arial,helvetica,sans-serif; font-size: 10pt; color: #000080;\">Celkov\u00e1 d\u00e9lka<\/span><\/td>\n<td class=\"tablelight3\"><span style=\"font-family: arial,helvetica,sans-serif; font-size: 10pt; color: #000080;\">188 mm<\/span><\/td>\n<\/tr>\n<tr>\n<td class=\"tablelight3\"><span style=\"font-family: arial,helvetica,sans-serif; font-size: 10pt; color: #000080;\">D\u00e9lka hlavn\u011b<\/span><\/td>\n<td class=\"tablelight3\"><span style=\"font-family: arial,helvetica,sans-serif; font-size: 10pt; color: #000080;\">92 mm<\/span><\/td>\n<\/tr>\n<tr>\n<td class=\"tablelight3\"><span style=\"font-family: arial,helvetica,sans-serif; font-size: 10pt; color: #000080;\">V\u00fd\u0161ka<\/span><\/td>\n<td class=\"tablelight3\"><span style=\"font-family: arial,helvetica,sans-serif; font-size: 10pt; color: #000080;\">130 mm<\/span><\/td>\n<\/tr>\n<tr>\n<td class=\"tablelight3\"><span style=\"font-family: arial,helvetica,sans-serif; font-size: 10pt; color: #000080;\">Pr\u00e1zdn\u00e1 hmotnost<\/span><\/td>\n<td class=\"tablelight3\"><span style=\"font-family: arial,helvetica,sans-serif; font-size: 10pt; color: #000080;\">750 g. (s pr.z\u00e1sobn\u00edkem)<\/span><\/td>\n<\/tr>\n<tr>\n<td class=\"tablelight3\"><span style=\"font-family: arial,helvetica,sans-serif; font-size: 10pt; color: #000080;\">Kapacita z\u00e1sobn\u00edku<\/span><\/td>\n<td class=\"tablelight3\"><span style=\"font-family: arial,helvetica,sans-serif; font-size: 10pt; color: #000080;\">8+1<\/span><\/td>\n<\/tr>\n<tr>\n<td class=\"tablelight3\"><span style=\"font-family: arial,helvetica,sans-serif; font-size: 10pt; color: #000080;\">V\u00fdrobce<\/span><\/td>\n<td class=\"tablelight3\"><span style=\"font-family: arial,helvetica,sans-serif; font-size: 10pt; color: #000080;\">ALFA-PROJ s.r.o., \u0160umavsk\u00e1 15, Brno&nbsp;&nbsp;&nbsp;&nbsp;&nbsp;&nbsp;<br \/>\n<\/span><\/td>\n<\/tr>\n<\/tbody>\n<\/table>\n<p style=\"text-align: center;\"><span style=\"font-size: 8pt;\"><a href=\"http:\/\/jestrab.eu\/?page_id=343\">zp\u011bt<\/a><\/span><\/p>\n<div id=\"link64_adl_tabid\" style=\"display: none;\" data-url=\"http:\/\/jestrab.eu\/wp-admin\/post.php?post=952&amp;action=edit\">168<\/div>\n","protected":false},"excerpt":{"rendered":"<p>&nbsp;&nbsp;&nbsp;&nbsp;&nbsp;&nbsp; V roce 2003 se produkc\u00ed klon\u016f \u010cZ 75 za\u010dala zab\u00fdvat i brn\u011bnsk\u00e1 spole\u010dnost Alfa-proj. Jej\u00ed pracovn\u00edci p\u0159i tom vych\u00e1zeli z jednoduch\u00e9ho z\u00e1v\u011bru: pro\u010d od z\u00e1kladu slo\u017eit\u011b projektovat a vyr\u00e1b\u011bt to, co u\u017e d\u011bl\u00e1 n\u011bkdo jin\u00fd, kdy\u017e je mo\u017eno nakoupit polotovary sou\u010d\u00e1sti a zhotovit fin\u00e1ln\u00ed v\u00fdrobek. Vzniklo tak spojen\u00ed mezi spole\u010dnostmi Alfa-proj a Fratelli Tanfoglio&#8230;<a class=\"moretag\" href=\"https:\/\/www.jestrab.eu\/index.php\/alfa-defender-45-acp\/\"> V\u00edce<\/a><\/p>\n","protected":false},"author":3,"featured_media":0,"parent":0,"menu_order":0,"comment_status":"closed","ping_status":"closed","template":"","meta":{"footnotes":""},"class_list":["post-952","page","type-page","status-publish","hentry"],"_links":{"self":[{"href":"https:\/\/www.jestrab.eu\/index.php\/wp-json\/wp\/v2\/pages\/952","targetHints":{"allow":["GET"]}}],"collection":[{"href":"https:\/\/www.jestrab.eu\/index.php\/wp-json\/wp\/v2\/pages"}],"about":[{"href":"https:\/\/www.jestrab.eu\/index.php\/wp-json\/wp\/v2\/types\/page"}],"author":[{"embeddable":true,"href":"https:\/\/www.jestrab.eu\/index.php\/wp-json\/wp\/v2\/users\/3"}],"replies":[{"embeddable":true,"href":"https:\/\/www.jestrab.eu\/index.php\/wp-json\/wp\/v2\/comments?post=952"}],"version-history":[{"count":0,"href":"https:\/\/www.jestrab.eu\/index.php\/wp-json\/wp\/v2\/pages\/952\/revisions"}],"wp:attachment":[{"href":"https:\/\/www.jestrab.eu\/index.php\/wp-json\/wp\/v2\/media?parent=952"}],"curies":[{"name":"wp","href":"https:\/\/api.w.org\/{rel}","templated":true}]}}